{"id":99,"date":"2017-12-04T22:36:59","date_gmt":"2017-12-04T21:36:59","guid":{"rendered":"http:\/\/www.metaconception.tk\/?page_id=99"},"modified":"2025-03-22T13:56:45","modified_gmt":"2025-03-22T12:56:45","slug":"contact-par-e-mail","status":"publish","type":"page","link":"https:\/\/www.metaconception.com\/?page_id=99","title":{"rendered":"Contact &#8211; 9, 8, 7, 6, 5, 4, 3, 2, 1&#8230; engage !"},"content":{"rendered":"<p style=\"text-align: center;\"><div class=\"wpforms-container wpforms-container-full\" id=\"wpforms-244\"><form id=\"wpforms-form-244\" class=\"wpforms-validate wpforms-form\" data-formid=\"244\" method=\"post\" enctype=\"multipart\/form-data\" action=\"\/index.php?rest_route=%2Fwp%2Fv2%2Fpages%2F99\" data-token=\"c8a1119c7b770ede2ae4dcd4f5565b5d\" data-token-time=\"1776938657\"><noscript class=\"wpforms-error-noscript\">Veuillez activer JavaScript dans votre navigateur pour remplir ce formulaire.<\/noscript><div class=\"wpforms-field-container\"><div id=\"wpforms-244-field_3-container\" class=\"wpforms-field wpforms-field-select wpforms-field-select-style-classic\" data-field-id=\"3\"><label class=\"wpforms-field-label\" for=\"wpforms-244-field_3\">Sujet de votre prise d&#039;informations - contact <span class=\"wpforms-required-label\">*<\/span><\/label><select id=\"wpforms-244-field_3\" class=\"wpforms-field-medium wpforms-field-required\" name=\"wpforms[fields][3]\" required=\"required\"><option value=\"&nbsp;\"  class=\"choice-6 depth-1\"  >&nbsp;<\/option><option value=\"Nos sites \u00e0 vendre\"  class=\"choice-1 depth-1\"  >Nos sites \u00e0 vendre<\/option><option value=\"Investir sur sites conceptuels\"  class=\"choice-2 depth-1\"  >Investir sur sites conceptuels<\/option><option value=\"Cr\u00e9ation de site de pr\u00e9sentation\"  class=\"choice-3 depth-1\"  >Cr\u00e9ation de site de pr\u00e9sentation<\/option><option value=\"Autres\"  class=\"choice-5 depth-1\"  >Autres<\/option><\/select><div class=\"wpforms-field-description\">[Soyez vigilant, choisissez la bonne option]<\/div><\/div><div id=\"wpforms-244-field_0-container\" class=\"wpforms-field wpforms-field-name\" data-field-id=\"0\"><label class=\"wpforms-field-label\">Nom <span class=\"wpforms-required-label\">*<\/span><\/label><div class=\"wpforms-field-row wpforms-field-medium\"><div class=\"wpforms-field-row-block wpforms-first wpforms-one-half\"><input type=\"text\" id=\"wpforms-244-field_0\" class=\"wpforms-field-name-first wpforms-field-required\" name=\"wpforms[fields][0][first]\" required><label for=\"wpforms-244-field_0\" class=\"wpforms-field-sublabel after\">Pr\u00e9nom<\/label><\/div><div class=\"wpforms-field-row-block wpforms-one-half\"><input type=\"text\" id=\"wpforms-244-field_0-last\" class=\"wpforms-field-name-last wpforms-field-required\" name=\"wpforms[fields][0][last]\" required><label for=\"wpforms-244-field_0-last\" class=\"wpforms-field-sublabel after\">Nom<\/label><\/div><\/div><div class=\"wpforms-field-description\">[Veuillez inscrire ici les informations utiles demand\u00e9es]<\/div><\/div><div id=\"wpforms-244-field_1-container\" class=\"wpforms-field wpforms-field-email\" data-field-id=\"1\"><label class=\"wpforms-field-label\" for=\"wpforms-244-field_1\">Adresse @ de contact <span class=\"wpforms-required-label\">*<\/span><\/label><input type=\"email\" id=\"wpforms-244-field_1\" class=\"wpforms-field-medium wpforms-field-required\" name=\"wpforms[fields][1]\" spellcheck=\"false\" required><div class=\"wpforms-field-description\">[Veuillez \u00e9crire ici l'adresse \u00e0 laquelle nous pourrons vous contacter]<\/div><\/div><div id=\"wpforms-244-field_4-container\" class=\"wpforms-field wpforms-field-text\" data-field-id=\"4\"><label class=\"wpforms-field-label\" for=\"wpforms-244-field_4\">Num\u00e9ro de t\u00e9l\u00e9phone <span class=\"wpforms-required-label\">*<\/span><\/label><input type=\"text\" id=\"wpforms-244-field_4\" class=\"wpforms-field-medium wpforms-field-required\" name=\"wpforms[fields][4]\" required><div class=\"wpforms-field-description\">[Veuillez inscrire ici le num\u00e9ro de t\u00e9l\u00e9phone sur lequel vous souhaiteriez \u00eatre contact\u00e9]<\/div><\/div><div id=\"wpforms-244-field_2-container\" class=\"wpforms-field wpforms-field-textarea\" data-field-id=\"2\"><label class=\"wpforms-field-label\" for=\"wpforms-244-field_2\">Comment or Message <span class=\"wpforms-required-label\">*<\/span><\/label><textarea id=\"wpforms-244-field_2\" class=\"wpforms-field-medium wpforms-field-required\" name=\"wpforms[fields][2]\" required><\/textarea><div class=\"wpforms-field-description\">[D\u00e9taillez votre demande]<br \/>\n[ex: \"j'ai besoin d'un site internet pour mon entreprise, pourriez-vous me faire un devis ?\"]<br \/>\n[ex: \"j'aimerai acheter l'un de vos sites, contactez-moi svp\"]<br \/>\n[ex: \"j'aimerai investir sur un de vos sites-concepts, contactez moi\"]<\/div><\/div><\/div><!-- .wpforms-field-container --><div class=\"wpforms-submit-container\" ><input type=\"hidden\" name=\"wpforms[id]\" value=\"244\"><input type=\"hidden\" name=\"page_title\" value=\"\"><input type=\"hidden\" name=\"page_url\" value=\"https:\/\/www.metaconception.com\/index.php?rest_route=\/wp\/v2\/pages\/99\"><input type=\"hidden\" name=\"url_referer\" value=\"\"><button type=\"submit\" name=\"wpforms[submit]\" id=\"wpforms-submit-244\" class=\"wpforms-submit\" data-alt-text=\"Sending...\" data-submit-text=\"Envoyer\" aria-live=\"assertive\" value=\"wpforms-submit\">Envoyer<\/button><\/div><\/form><\/div>  <!-- .wpforms-container --><\/p>\n\n\n<p><\/p>\n","protected":false},"excerpt":{"rendered":"","protected":false},"author":1,"featured_media":0,"parent":0,"menu_order":0,"comment_status":"closed","ping_status":"closed","template":"","meta":{"footnotes":""},"class_list":["post-99","page","type-page","status-publish","hentry"],"_links":{"self":[{"href":"https:\/\/www.metaconception.com\/index.php?rest_route=\/wp\/v2\/pages\/99","targetHints":{"allow":["GET"]}}],"collection":[{"href":"https:\/\/www.metaconception.com\/index.php?rest_route=\/wp\/v2\/pages"}],"about":[{"href":"https:\/\/www.metaconception.com\/index.php?rest_route=\/wp\/v2\/types\/page"}],"author":[{"embeddable":true,"href":"https:\/\/www.metaconception.com\/index.php?rest_route=\/wp\/v2\/users\/1"}],"replies":[{"embeddable":true,"href":"https:\/\/www.metaconception.com\/index.php?rest_route=%2Fwp%2Fv2%2Fcomments&post=99"}],"version-history":[{"count":5,"href":"https:\/\/www.metaconception.com\/index.php?rest_route=\/wp\/v2\/pages\/99\/revisions"}],"predecessor-version":[{"id":759,"href":"https:\/\/www.metaconception.com\/index.php?rest_route=\/wp\/v2\/pages\/99\/revisions\/759"}],"wp:attachment":[{"href":"https:\/\/www.metaconception.com\/index.php?rest_route=%2Fwp%2Fv2%2Fmedia&parent=99"}],"curies":[{"name":"wp","href":"https:\/\/api.w.org\/{rel}","templated":true}]}}