{"id":81,"date":"2017-12-04T18:52:24","date_gmt":"2017-12-04T17:52:24","guid":{"rendered":"http:\/\/www.metaconception.tk\/?page_id=81"},"modified":"2023-11-07T14:12:19","modified_gmt":"2023-11-07T13:12:19","slug":"nos-sites-sur-commande","status":"publish","type":"page","link":"https:\/\/www.metaconception.com\/?page_id=81","title":{"rendered":"Nos sites sur commande"},"content":{"rendered":"<p style=\"text-align: center;\"><img loading=\"lazy\" decoding=\"async\" class=\"alignnone size-large wp-image-56\" src=\"http:\/\/www.metaconception.tk\/wp-content\/uploads\/2017\/11\/slide3-a2-1024x320.jpg\" alt=\"\" width=\"1024\" height=\"320\" srcset=\"https:\/\/www.metaconception.com\/wp-content\/uploads\/2017\/11\/slide3-a2-1024x320.jpg 1024w, https:\/\/www.metaconception.com\/wp-content\/uploads\/2017\/11\/slide3-a2-300x94.jpg 300w, https:\/\/www.metaconception.com\/wp-content\/uploads\/2017\/11\/slide3-a2-768x240.jpg 768w, https:\/\/www.metaconception.com\/wp-content\/uploads\/2017\/11\/slide3-a2.jpg 1600w\" sizes=\"auto, (max-width: 1024px) 100vw, 1024px\" \/><\/p>\n<blockquote><p>MetaConception, entreprise de cr\u00e9ation de concepts et de leur mise en ligne sur Internet propose \u00e9galement la cr\u00e9ation de sites Internet sur commande. Ceci est la branche services de l&rsquo;entreprise. Cela signifie que nous mettons nos talents de concepteur\/cr\u00e9ateur pour r\u00e9pondre \u00e0 une demande sp\u00e9cifique de votre part, en tant que client chez MetaConception.<\/p>\n<p>La plupart d&rsquo;entre-vous sait qu&rsquo;il est important, quel que soit le domaine d&rsquo;activit\u00e9: priv\u00e9e, public, professionnel ou particulier, de disposer d&rsquo;un site Internet pour faire la promotion de son activit\u00e9, alors, MetaConception propose de mettre, \u00e0 votre service, tout son potentiel cr\u00e9atif et structurel pour r\u00e9aliser, pour vous, le site Internet id\u00e9al (nomm\u00e9: \u00ab\u00a0site de pr\u00e9sentation\u00a0\u00bb) avec un appr\u00e9ciable rapport qualit\u00e9\/prix.<\/p>\n<p style=\"text-align: center;\">N&rsquo;h\u00e9sitez pas \u00e0 nous contacter:<br \/>\n<a class=\"callout-btn1\" href=\"http:\/\/www.metaconception.com\/?page_id=99\">Contact par e-mail<\/a><\/p>\n<\/blockquote>\n<div><\/div>\n<blockquote>\n<h3><strong>Nos sites cr\u00e9es pour vous:<\/strong><\/h3>\n<\/blockquote>\n<blockquote>\n<div><strong>Chazz&rsquo; &#8211; <a href=\"http:\/\/www.chazz.fr\/\" target=\"_blank\" rel=\"noopener\">d\u00e9couvrez le site en cliquant ici<\/a><br \/>\n<a href=\"http:\/\/www.chazz.fr\" target=\"_blank\" rel=\"noopener\"><img loading=\"lazy\" decoding=\"async\" class=\"alignnone wp-image-174\" src=\"http:\/\/www.metaconception.tk\/wp-content\/uploads\/2018\/01\/Capture-du-2018-01-05-16-03-19-300x164.png\" alt=\"\" width=\"459\" height=\"251\" srcset=\"https:\/\/www.metaconception.com\/wp-content\/uploads\/2018\/01\/Capture-du-2018-01-05-16-03-19-300x164.png 300w, https:\/\/www.metaconception.com\/wp-content\/uploads\/2018\/01\/Capture-du-2018-01-05-16-03-19-768x420.png 768w, https:\/\/www.metaconception.com\/wp-content\/uploads\/2018\/01\/Capture-du-2018-01-05-16-03-19-1024x560.png 1024w, https:\/\/www.metaconception.com\/wp-content\/uploads\/2018\/01\/Capture-du-2018-01-05-16-03-19.png 1195w\" sizes=\"auto, (max-width: 459px) 100vw, 459px\" \/><\/a><\/strong><\/div>\n<div><strong>Concept:<\/strong><br \/>\nChazz&rsquo; est une artiste peintre qui a pass\u00e9 commande aupr\u00e8s de MetaConception pour refaire son site internet, graphiquement et en contenus. D\u00e9couvrez la version d\u00e9finitive <a href=\"https:\/\/www.chazz.fr\/\" target=\"_blank\" rel=\"noopener\">ici<\/a>.<\/div>\n<\/blockquote>\n","protected":false},"excerpt":{"rendered":"<p>MetaConception, entreprise de cr\u00e9ation de concepts et de leur mise en ligne sur Internet propose \u00e9galement la cr\u00e9ation de sites Internet sur commande. Ceci est la branche services de l&rsquo;entreprise. Cela signifie que nous mettons nos talents de concepteur\/cr\u00e9ateur pour r\u00e9pondre \u00e0 une demande sp\u00e9cifique de votre part, en tant que client chez MetaConception. La &hellip; <\/p>\n<div class=\"link-more text-center\"><a href=\"https:\/\/www.metaconception.com\/?page_id=81\" class=\"more-link py-2 px-4\">Read More<span class=\"screen-reader-text\"> \u00ab\u00a0Nos sites sur commande\u00a0\u00bb<\/span><\/a><\/div>\n","protected":false},"author":1,"featured_media":0,"parent":0,"menu_order":0,"comment_status":"closed","ping_status":"closed","template":"","meta":{"footnotes":""},"class_list":["post-81","page","type-page","status-publish","hentry"],"_links":{"self":[{"href":"https:\/\/www.metaconception.com\/index.php?rest_route=\/wp\/v2\/pages\/81","targetHints":{"allow":["GET"]}}],"collection":[{"href":"https:\/\/www.metaconception.com\/index.php?rest_route=\/wp\/v2\/pages"}],"about":[{"href":"https:\/\/www.metaconception.com\/index.php?rest_route=\/wp\/v2\/types\/page"}],"author":[{"embeddable":true,"href":"https:\/\/www.metaconception.com\/index.php?rest_route=\/wp\/v2\/users\/1"}],"replies":[{"embeddable":true,"href":"https:\/\/www.metaconception.com\/index.php?rest_route=%2Fwp%2Fv2%2Fcomments&post=81"}],"version-history":[{"count":20,"href":"https:\/\/www.metaconception.com\/index.php?rest_route=\/wp\/v2\/pages\/81\/revisions"}],"predecessor-version":[{"id":562,"href":"https:\/\/www.metaconception.com\/index.php?rest_route=\/wp\/v2\/pages\/81\/revisions\/562"}],"wp:attachment":[{"href":"https:\/\/www.metaconception.com\/index.php?rest_route=%2Fwp%2Fv2%2Fmedia&parent=81"}],"curies":[{"name":"wp","href":"https:\/\/api.w.org\/{rel}","templated":true}]}}