{"id":79,"date":"2017-12-04T18:48:43","date_gmt":"2017-12-04T17:48:43","guid":{"rendered":"http:\/\/www.metaconception.tk\/?page_id=79"},"modified":"2023-11-07T14:35:57","modified_gmt":"2023-11-07T13:35:57","slug":"nos-sites-web-conceptualises","status":"publish","type":"page","link":"https:\/\/www.metaconception.com\/?page_id=79","title":{"rendered":"Nos sites conceptualis\u00e9s"},"content":{"rendered":"<p style=\"text-align: center;\"><img loading=\"lazy\" decoding=\"async\" class=\"alignnone size-large wp-image-37\" src=\"http:\/\/www.metaconception.tk\/wp-content\/uploads\/2017\/11\/slide2-a-1024x320.jpg\" alt=\"\" width=\"1024\" height=\"320\" srcset=\"https:\/\/www.metaconception.com\/wp-content\/uploads\/2017\/11\/slide2-a-1024x320.jpg 1024w, https:\/\/www.metaconception.com\/wp-content\/uploads\/2017\/11\/slide2-a-300x94.jpg 300w, https:\/\/www.metaconception.com\/wp-content\/uploads\/2017\/11\/slide2-a-768x240.jpg 768w, https:\/\/www.metaconception.com\/wp-content\/uploads\/2017\/11\/slide2-a.jpg 1600w\" sizes=\"auto, (max-width: 1024px) 100vw, 1024px\" \/><\/p>\n<blockquote>\n<p>Comme son nom l&rsquo;indique, MetaConception (signifiant: nouvelle conception) est, en fondements, une entreprise de cr\u00e9ation de concepts au sein de la structure Internet, ce qui revient \u00e0 dire que MetaConception est avant tout une entreprise qui cr\u00e9e des concepts et les d\u00e9veloppe sur Internet (des sites web conceptualis\u00e9s).<\/p>\n<p>La plupart des conceptions de MetaConception r\u00e9sulte d&rsquo;un brainstorming avec les acteurs de l&rsquo;entreprise. Chaque concept se veut efficace (rentable), original et facile d&rsquo;acc\u00e8s pour les utilisateurs.<\/p>\n<p>Il n&rsquo;y a aucune limite \u00e0 l&rsquo;imagination, il n&rsquo;y a donc aucune limite \u00e0 la cr\u00e9ation de nos concepts, tant que ceux-ci sont valid\u00e9s par l&rsquo;ensemble de nos \u00e9quipes.<\/p>\n<p>Le concept est la graine qui sera plant\u00e9e sur internet puis arros\u00e9e et entretenue afin que le site Internet se d\u00e9veloppe et accueille toujours plus d&rsquo;utilisateurs.<\/p>\n<p style=\"text-align: center;\">N&rsquo;h\u00e9sitez pas \u00e0 nous contacter:<br \/><a class=\"callout-btn1\" href=\"http:\/\/www.metaconception.com\/?page_id=99\">Contact par e-mail<\/a><\/p>\n<p>\u00a0<\/p>\n<p style=\"text-align: left;\">Nous d\u00e9veloppons des petits, moyens et de grands concepts.<br \/>Voici la liste de tous nos concepts actuels, avec ceux d\u00e9j\u00e0 d\u00e9velopp\u00e9s et ceux qui vont l&rsquo;\u00eatre:<\/p>\n<\/blockquote>\n<blockquote>\n<h3><strong>[NosConcepts]:<\/strong><\/h3>\n<\/blockquote>\n<blockquote>\n<p><strong> TheXcrewCorporation &#8211; <a href=\"http:\/\/thexcrewcorporation.com\">www.thexcrewcorporation.com<\/a><br \/><a href=\"http:\/\/www.thexcrewcorporation.com\"><img loading=\"lazy\" decoding=\"async\" class=\"alignnone wp-image-152 size-medium\" src=\"http:\/\/www.metaconception.com\/wp-content\/uploads\/2018\/01\/r6-operators-frost_237596-300x257.png\" alt=\"\" width=\"300\" height=\"257\" srcset=\"https:\/\/www.metaconception.com\/wp-content\/uploads\/2018\/01\/r6-operators-frost_237596-300x257.png 300w, https:\/\/www.metaconception.com\/wp-content\/uploads\/2018\/01\/r6-operators-frost_237596-768x657.png 768w, https:\/\/www.metaconception.com\/wp-content\/uploads\/2018\/01\/r6-operators-frost_237596.png 830w\" sizes=\"auto, (max-width: 300px) 100vw, 300px\" \/><\/a><br \/>Concept:<\/strong><br \/>Le X&rsquo;Crew Corporation est un crew de h4ck1ng, initialement fond\u00e9 par MetaConception, comptant dor\u00e9navant des membres dans le Monde entier.<\/p>\n<\/blockquote>\n<blockquote>\n<p><strong>BattleRapGame &#8211; <a href=\"http:\/\/www.battlerapgame.fr\">www.battlerapgame.fr<\/a><br \/><a href=\"http:\/\/www.battlerapgame.fr\"><img loading=\"lazy\" decoding=\"async\" class=\"alignnone wp-image-146 size-medium\" src=\"http:\/\/www.metaconception.com\/wp-content\/uploads\/2017\/12\/icone-dusite-300x200.png\" alt=\"\" width=\"300\" height=\"200\" srcset=\"https:\/\/www.metaconception.com\/wp-content\/uploads\/2017\/12\/icone-dusite-300x200.png 300w, https:\/\/www.metaconception.com\/wp-content\/uploads\/2017\/12\/icone-dusite.png 600w\" sizes=\"auto, (max-width: 300px) 100vw, 300px\" \/><\/a><br \/>Concept:<\/strong><br \/>BattleRapGame est un site d\u00e9di\u00e9 au Rap. Il s&rsquo;agit d&rsquo;un concept de \u00ab battles par vid\u00e9os interpos\u00e9es \u00bb ; le site est disponible en de nombreuses langues et ainsi ouvert \u00e0 tout le Monde.<\/p>\n<\/blockquote>\n<blockquote>\n<p><strong>6er &#8211; <a href=\"https:\/\/www.atol.fr\/\">no-website<\/a><br \/><img loading=\"lazy\" decoding=\"async\" class=\"alignnone wp-image-572 size-medium\" src=\"http:\/\/www.metaconception.com\/wp-content\/uploads\/2023\/11\/bientot-texte-au-neon-enseigne-au-neon-symbole-au-neon_77399-1415-300x300.jpg\" alt=\"\" width=\"300\" height=\"300\" srcset=\"https:\/\/www.metaconception.com\/wp-content\/uploads\/2023\/11\/bientot-texte-au-neon-enseigne-au-neon-symbole-au-neon_77399-1415-300x300.jpg 300w, https:\/\/www.metaconception.com\/wp-content\/uploads\/2023\/11\/bientot-texte-au-neon-enseigne-au-neon-symbole-au-neon_77399-1415-150x150.jpg 150w, https:\/\/www.metaconception.com\/wp-content\/uploads\/2023\/11\/bientot-texte-au-neon-enseigne-au-neon-symbole-au-neon_77399-1415-100x100.jpg 100w, https:\/\/www.metaconception.com\/wp-content\/uploads\/2023\/11\/bientot-texte-au-neon-enseigne-au-neon-symbole-au-neon_77399-1415.jpg 626w\" sizes=\"auto, (max-width: 300px) 100vw, 300px\" \/><br \/>Concept:<\/strong><br \/>6er est un site de rencontre par loterie.<\/p>\n<\/blockquote>\n<blockquote>\n<p><strong>E-castle &#8211; <a href=\"https:\/\/www.atol.fr\">no-website<\/a><br \/><img loading=\"lazy\" decoding=\"async\" class=\"alignnone wp-image-572 size-medium\" src=\"http:\/\/www.metaconception.com\/wp-content\/uploads\/2023\/11\/bientot-texte-au-neon-enseigne-au-neon-symbole-au-neon_77399-1415-300x300.jpg\" alt=\"\" width=\"300\" height=\"300\" srcset=\"https:\/\/www.metaconception.com\/wp-content\/uploads\/2023\/11\/bientot-texte-au-neon-enseigne-au-neon-symbole-au-neon_77399-1415-300x300.jpg 300w, https:\/\/www.metaconception.com\/wp-content\/uploads\/2023\/11\/bientot-texte-au-neon-enseigne-au-neon-symbole-au-neon_77399-1415-150x150.jpg 150w, https:\/\/www.metaconception.com\/wp-content\/uploads\/2023\/11\/bientot-texte-au-neon-enseigne-au-neon-symbole-au-neon_77399-1415-100x100.jpg 100w, https:\/\/www.metaconception.com\/wp-content\/uploads\/2023\/11\/bientot-texte-au-neon-enseigne-au-neon-symbole-au-neon_77399-1415.jpg 626w\" sizes=\"auto, (max-width: 300px) 100vw, 300px\" \/><br \/>Concept:<\/strong><br \/>i-castle se veut \u00eatre un site \u00e0 la hauteur des r\u00e9seaux sociaux actuels.<\/p>\n<\/blockquote>\n<blockquote>\n<p><strong>Entre-Nous &#8211; <a href=\"https:\/\/www.atol.fr\">no-website<\/a><br \/><img loading=\"lazy\" decoding=\"async\" class=\"alignnone wp-image-572 size-medium\" src=\"http:\/\/www.metaconception.com\/wp-content\/uploads\/2023\/11\/bientot-texte-au-neon-enseigne-au-neon-symbole-au-neon_77399-1415-300x300.jpg\" alt=\"\" width=\"300\" height=\"300\" srcset=\"https:\/\/www.metaconception.com\/wp-content\/uploads\/2023\/11\/bientot-texte-au-neon-enseigne-au-neon-symbole-au-neon_77399-1415-300x300.jpg 300w, https:\/\/www.metaconception.com\/wp-content\/uploads\/2023\/11\/bientot-texte-au-neon-enseigne-au-neon-symbole-au-neon_77399-1415-150x150.jpg 150w, https:\/\/www.metaconception.com\/wp-content\/uploads\/2023\/11\/bientot-texte-au-neon-enseigne-au-neon-symbole-au-neon_77399-1415-100x100.jpg 100w, https:\/\/www.metaconception.com\/wp-content\/uploads\/2023\/11\/bientot-texte-au-neon-enseigne-au-neon-symbole-au-neon_77399-1415.jpg 626w\" sizes=\"auto, (max-width: 300px) 100vw, 300px\" \/><br \/>Concept:<\/strong><br \/>Entre-Nous sera un site masculiniste.<\/p>\n<\/blockquote>\n<blockquote>\n<p><strong>La Tour &#8211; <a href=\"https:\/\/www.atol.fr\">no-website<\/a><br \/><img loading=\"lazy\" decoding=\"async\" class=\"alignnone wp-image-572 size-medium\" src=\"http:\/\/www.metaconception.com\/wp-content\/uploads\/2023\/11\/bientot-texte-au-neon-enseigne-au-neon-symbole-au-neon_77399-1415-300x300.jpg\" alt=\"\" width=\"300\" height=\"300\" srcset=\"https:\/\/www.metaconception.com\/wp-content\/uploads\/2023\/11\/bientot-texte-au-neon-enseigne-au-neon-symbole-au-neon_77399-1415-300x300.jpg 300w, https:\/\/www.metaconception.com\/wp-content\/uploads\/2023\/11\/bientot-texte-au-neon-enseigne-au-neon-symbole-au-neon_77399-1415-150x150.jpg 150w, https:\/\/www.metaconception.com\/wp-content\/uploads\/2023\/11\/bientot-texte-au-neon-enseigne-au-neon-symbole-au-neon_77399-1415-100x100.jpg 100w, https:\/\/www.metaconception.com\/wp-content\/uploads\/2023\/11\/bientot-texte-au-neon-enseigne-au-neon-symbole-au-neon_77399-1415.jpg 626w\" sizes=\"auto, (max-width: 300px) 100vw, 300px\" \/><br \/>Concept:<\/strong><br \/>La Tour comportera 15 \u00e9tages, chaque \u00e9tage sera un d\u00e9fi&#8230; \u00e0 la fin il n&rsquo;en restera qu&rsquo;un !<\/p>\n<p>\u00a0<\/p>\n<hr \/><\/blockquote>\n<blockquote>\n<h3>\u0160. MetaConception dispose de 23 concepts. Nous ne pouvons tous vous les exposer.<\/h3>\n<hr \/><\/blockquote>\n<p style=\"text-align: center;\"><a class=\"callout-btn1\" style=\"font-size: revert;\" href=\"http:\/\/www.metaconception.com\/?page_id=99\">Contact par e-mail<\/a><\/p>\n\n\n<div class=\"wp-block-group\"><div class=\"wp-block-group__inner-container is-layout-flow wp-block-group-is-layout-flow\">\n<p><\/p>\n<\/div><\/div>\n","protected":false},"excerpt":{"rendered":"<p>Comme son nom l&rsquo;indique, MetaConception (signifiant: nouvelle conception) est, en fondements, une entreprise de cr\u00e9ation de concepts au sein de la structure Internet, ce qui revient \u00e0 dire que MetaConception est avant tout une entreprise qui cr\u00e9e des concepts et les d\u00e9veloppe sur Internet (des sites web conceptualis\u00e9s). La plupart des conceptions de MetaConception r\u00e9sulte &hellip; <\/p>\n<div class=\"link-more text-center\"><a href=\"https:\/\/www.metaconception.com\/?page_id=79\" class=\"more-link py-2 px-4\">Read More<span class=\"screen-reader-text\"> \u00ab\u00a0Nos sites conceptualis\u00e9s\u00a0\u00bb<\/span><\/a><\/div>\n","protected":false},"author":1,"featured_media":0,"parent":0,"menu_order":0,"comment_status":"closed","ping_status":"closed","template":"","meta":{"footnotes":""},"class_list":["post-79","page","type-page","status-publish","hentry"],"_links":{"self":[{"href":"https:\/\/www.metaconception.com\/index.php?rest_route=\/wp\/v2\/pages\/79","targetHints":{"allow":["GET"]}}],"collection":[{"href":"https:\/\/www.metaconception.com\/index.php?rest_route=\/wp\/v2\/pages"}],"about":[{"href":"https:\/\/www.metaconception.com\/index.php?rest_route=\/wp\/v2\/types\/page"}],"author":[{"embeddable":true,"href":"https:\/\/www.metaconception.com\/index.php?rest_route=\/wp\/v2\/users\/1"}],"replies":[{"embeddable":true,"href":"https:\/\/www.metaconception.com\/index.php?rest_route=%2Fwp%2Fv2%2Fcomments&post=79"}],"version-history":[{"count":50,"href":"https:\/\/www.metaconception.com\/index.php?rest_route=\/wp\/v2\/pages\/79\/revisions"}],"predecessor-version":[{"id":600,"href":"https:\/\/www.metaconception.com\/index.php?rest_route=\/wp\/v2\/pages\/79\/revisions\/600"}],"wp:attachment":[{"href":"https:\/\/www.metaconception.com\/index.php?rest_route=%2Fwp%2Fv2%2Fmedia&parent=79"}],"curies":[{"name":"wp","href":"https:\/\/api.w.org\/{rel}","templated":true}]}}