{"id":74,"date":"2017-12-04T16:12:49","date_gmt":"2017-12-04T15:12:49","guid":{"rendered":"http:\/\/www.metaconception.tk\/?page_id=74"},"modified":"2023-11-07T14:43:29","modified_gmt":"2023-11-07T13:43:29","slug":"nos-sites-a-vendre","status":"publish","type":"page","link":"https:\/\/www.metaconception.com\/?page_id=74","title":{"rendered":"Nos sites \u00e0 vendre"},"content":{"rendered":"<p style=\"text-align: center;\"><img loading=\"lazy\" decoding=\"async\" class=\"alignnone size-large wp-image-30\" src=\"http:\/\/www.metaconception.tk\/wp-content\/uploads\/2017\/11\/slide1-a-1-1024x320.jpg\" alt=\"\" width=\"1024\" height=\"320\" srcset=\"https:\/\/www.metaconception.com\/wp-content\/uploads\/2017\/11\/slide1-a-1-1024x320.jpg 1024w, https:\/\/www.metaconception.com\/wp-content\/uploads\/2017\/11\/slide1-a-1-300x94.jpg 300w, https:\/\/www.metaconception.com\/wp-content\/uploads\/2017\/11\/slide1-a-1-768x240.jpg 768w, https:\/\/www.metaconception.com\/wp-content\/uploads\/2017\/11\/slide1-a-1.jpg 1600w\" sizes=\"auto, (max-width: 1024px) 100vw, 1024px\" \/><\/p>\n<blockquote><p>MetaConception met en vente certains de ses sites web.<\/p>\n<p>Cela signifie qu&rsquo;ils ont \u00e9t\u00e9 cr\u00e9es pour cela: \u00eatre vendus.<br \/>\nDe fait, et selon le processus syst\u00e9matique (sauf en cas de commande d&rsquo;un site), MetaConception a d&rsquo;abord d\u00e9velopp\u00e9 un concept original, respectant plusieurs crit\u00e8res, strictes, afin que le site soit fonctionnel et efficace: autrement dit, qu&rsquo;il puisse rapporte de l&rsquo;argent \u00e0 l&rsquo;acqu\u00e9reur.<\/p>\n<p>Le concept est donc intelligent et sa r\u00e9alisation (sa cr\u00e9ation, sa mise en ligne) respectueuse des obligations n\u00e9cessaires \u00e0 la bonne efficacit\u00e9 d&rsquo;un site internet (ergonomie, fluidit\u00e9, dynamisme, etc.)<\/p>\n<p>Veuillez trouver ci-dessous la liste de nos sites en vente et n&rsquo;h\u00e9sitez pas \u00e0 nous contacter pour toute demande ou pour nous faire part de votre volont\u00e9 d&rsquo;acquisition d&rsquo;un site MetaConception.<\/p>\n<p style=\"text-align: center;\"><a class=\"callout-btn1\" href=\"http:\/\/www.metaconception.com\/?page_id=99\">Contact par e-mail<\/a><\/p>\n<p><strong># A l&rsquo;heure actuelle, aucun site n&rsquo;est \u00e0 vendre. Ceci n&rsquo;est qu&rsquo;un exemple:<\/strong><\/p><\/blockquote>\n<blockquote><p><strong>BattleRapGame &#8211; <a href=\"http:\/\/www.battlerapgame.fr\" target=\"_blank\" rel=\"noopener\">www.battlerapgame.fr<\/a> &#8211; prix: 12 500\u20ac<br \/>\n<a href=\"http:\/\/www.battlerapgame.fr\"><img loading=\"lazy\" decoding=\"async\" class=\"alignnone wp-image-146 size-medium\" src=\"http:\/\/www.metaconception.com\/wp-content\/uploads\/2017\/12\/icone-dusite-300x200.png\" alt=\"\" width=\"300\" height=\"200\" srcset=\"https:\/\/www.metaconception.com\/wp-content\/uploads\/2017\/12\/icone-dusite-300x200.png 300w, https:\/\/www.metaconception.com\/wp-content\/uploads\/2017\/12\/icone-dusite.png 600w\" sizes=\"auto, (max-width: 300px) 100vw, 300px\" \/><\/a><br \/>\nConcept:<br \/>\n<\/strong>BattleRapGame est un site d\u00e9di\u00e9 au Rap. Il s\u2019agit d\u2019un concept de \u00ab battles par vid\u00e9os interpos\u00e9es \u00bb ; le site est disponible en de nombreuses langues et ainsi ouvert \u00e0 tout le Monde.<\/p><\/blockquote>\n","protected":false},"excerpt":{"rendered":"<p>MetaConception met en vente certains de ses sites web. Cela signifie qu&rsquo;ils ont \u00e9t\u00e9 cr\u00e9es pour cela: \u00eatre vendus. De fait, et selon le processus syst\u00e9matique (sauf en cas de commande d&rsquo;un site), MetaConception a d&rsquo;abord d\u00e9velopp\u00e9 un concept original, respectant plusieurs crit\u00e8res, strictes, afin que le site soit fonctionnel et efficace: autrement dit, qu&rsquo;il &hellip; <\/p>\n<div class=\"link-more text-center\"><a href=\"https:\/\/www.metaconception.com\/?page_id=74\" class=\"more-link py-2 px-4\">Read More<span class=\"screen-reader-text\"> \u00ab\u00a0Nos sites \u00e0 vendre\u00a0\u00bb<\/span><\/a><\/div>\n","protected":false},"author":1,"featured_media":0,"parent":0,"menu_order":0,"comment_status":"closed","ping_status":"closed","template":"","meta":{"footnotes":""},"class_list":["post-74","page","type-page","status-publish","hentry"],"_links":{"self":[{"href":"https:\/\/www.metaconception.com\/index.php?rest_route=\/wp\/v2\/pages\/74","targetHints":{"allow":["GET"]}}],"collection":[{"href":"https:\/\/www.metaconception.com\/index.php?rest_route=\/wp\/v2\/pages"}],"about":[{"href":"https:\/\/www.metaconception.com\/index.php?rest_route=\/wp\/v2\/types\/page"}],"author":[{"embeddable":true,"href":"https:\/\/www.metaconception.com\/index.php?rest_route=\/wp\/v2\/users\/1"}],"replies":[{"embeddable":true,"href":"https:\/\/www.metaconception.com\/index.php?rest_route=%2Fwp%2Fv2%2Fcomments&post=74"}],"version-history":[{"count":20,"href":"https:\/\/www.metaconception.com\/index.php?rest_route=\/wp\/v2\/pages\/74\/revisions"}],"predecessor-version":[{"id":611,"href":"https:\/\/www.metaconception.com\/index.php?rest_route=\/wp\/v2\/pages\/74\/revisions\/611"}],"wp:attachment":[{"href":"https:\/\/www.metaconception.com\/index.php?rest_route=%2Fwp%2Fv2%2Fmedia&parent=74"}],"curies":[{"name":"wp","href":"https:\/\/api.w.org\/{rel}","templated":true}]}}