{"id":524,"date":"2023-09-27T13:21:18","date_gmt":"2023-09-27T11:21:18","guid":{"rendered":"https:\/\/www.metaconception.com\/?page_id=524"},"modified":"2025-11-30T05:36:26","modified_gmt":"2025-11-30T04:36:26","slug":"nos-news","status":"publish","type":"page","link":"https:\/\/www.metaconception.com\/?page_id=524","title":{"rendered":"News &#8211; how i could ignore it ? :D"},"content":{"rendered":"\n<p class=\"has-vivid-red-background-color has-background\"><\/p>\n\n\n<ul style=\"font-size:15px;\" class=\"wp-block-latest-posts__list has-dates has-author alignleft wp-block-latest-posts\"><li><div class=\"wp-block-latest-posts__featured-image alignleft\"><img loading=\"lazy\" decoding=\"async\" width=\"150\" height=\"150\" src=\"https:\/\/www.metaconception.com\/wp-content\/uploads\/2025\/11\/formacao-cacas-scaled-1-150x150.jpg\" class=\"attachment-thumbnail size-thumbnail wp-post-image\" alt=\"\" style=\"\" srcset=\"https:\/\/www.metaconception.com\/wp-content\/uploads\/2025\/11\/formacao-cacas-scaled-1-150x150.jpg 150w, https:\/\/www.metaconception.com\/wp-content\/uploads\/2025\/11\/formacao-cacas-scaled-1-100x100.jpg 100w\" sizes=\"auto, (max-width: 150px) 100vw, 150px\" \/><\/div><a class=\"wp-block-latest-posts__post-title\" href=\"https:\/\/www.metaconception.com\/?p=779\">On est dans le secteur<\/a><div class=\"wp-block-latest-posts__post-author\">par Metatron<\/div><time datetime=\"2025-11-30T05:09:29+01:00\" class=\"wp-block-latest-posts__post-date\">30 novembre 2025<\/time><div class=\"wp-block-latest-posts__post-excerpt\">Vous nous attendiez, et vous nous attendiez, eh bien, nous voil\u00e0 ! Oui, oui, j&rsquo;entends, j&rsquo;entends d\u00e9j\u00e0 les mauvaises langues qui disent: \u00ab\u00a0\u00e0 chaque fois vous dites que vous \u00eates l\u00e0, et il ne se passe rien\u00a0\u00bb, j&rsquo;entends m\u00eame les (tr\u00e8s) mauvaises langues qui disent \u00ab\u00a0\u00e0 chaque fois vous dites que vous \u00eates l\u00e0, &hellip; <div class=\"link-more text-center\"><a href=\"https:\/\/www.metaconception.com\/?p=779\" class=\"more-link py-2 px-4\">Read More<span class=\"screen-reader-text\"> \u00ab\u00a0On est dans le secteur\u00a0\u00bb<\/span><\/a><\/div><\/div><\/li>\n<li><div class=\"wp-block-latest-posts__featured-image alignleft\"><img loading=\"lazy\" decoding=\"async\" width=\"150\" height=\"150\" src=\"https:\/\/www.metaconception.com\/wp-content\/uploads\/2024\/02\/unnamed-150x150.png\" class=\"attachment-thumbnail size-thumbnail wp-post-image\" alt=\"\" style=\"\" srcset=\"https:\/\/www.metaconception.com\/wp-content\/uploads\/2024\/02\/unnamed-150x150.png 150w, https:\/\/www.metaconception.com\/wp-content\/uploads\/2024\/02\/unnamed-300x300.png 300w, https:\/\/www.metaconception.com\/wp-content\/uploads\/2024\/02\/unnamed-100x100.png 100w, https:\/\/www.metaconception.com\/wp-content\/uploads\/2024\/02\/unnamed.png 512w\" sizes=\"auto, (max-width: 150px) 100vw, 150px\" \/><\/div><a class=\"wp-block-latest-posts__post-title\" href=\"https:\/\/www.metaconception.com\/?p=735\">BRG en expectative.<\/a><div class=\"wp-block-latest-posts__post-author\">par Metatron<\/div><time datetime=\"2024-02-14T14:24:36+01:00\" class=\"wp-block-latest-posts__post-date\">14 f\u00e9vrier 2024<\/time><div class=\"wp-block-latest-posts__post-excerpt\">BattleRapGame vient d&rsquo;\u00eatre sugg\u00e9r\u00e9 \u00e0 AdSense (renseignez-vous ici: informations sur AdSense), et la r\u00e9ponse sera donn\u00e9e entre aujourd&rsquo;hui et dans quinze jours (environ).On croise les doigts !<\/div><\/li>\n<li><div class=\"wp-block-latest-posts__featured-image alignleft\"><img loading=\"lazy\" decoding=\"async\" width=\"150\" height=\"150\" src=\"https:\/\/www.metaconception.com\/wp-content\/uploads\/2022\/08\/la-source-150x150.jpg\" class=\"attachment-thumbnail size-thumbnail wp-post-image\" alt=\"\" style=\"\" \/><\/div><a class=\"wp-block-latest-posts__post-title\" href=\"https:\/\/www.metaconception.com\/?p=678\">Le site BattleRapGame est en ligne !<\/a><div class=\"wp-block-latest-posts__post-author\">par Metatron<\/div><time datetime=\"2023-11-09T06:06:21+01:00\" class=\"wp-block-latest-posts__post-date\">9 novembre 2023<\/time><div class=\"wp-block-latest-posts__post-excerpt\">Pour ceux qui ont suivi l&rsquo;\u00e9pisode BattleRapGame, je sais que l&rsquo;on a annonc\u00e9 au moins trois fois que le site \u00e9tait d\u00e9finitivement pr\u00eat, puis celui-ci n&rsquo;\u00e9tait pas fonctionnel.Pour autant, cette fois le site battlerapgame.fr est d\u00e9finitivement pr\u00eat, et cette fois, c&rsquo;est vrai. On vous attend sur le site, pour que vous d\u00e9couvriez comment participer &hellip; <div class=\"link-more text-center\"><a href=\"https:\/\/www.metaconception.com\/?p=678\" class=\"more-link py-2 px-4\">Read More<span class=\"screen-reader-text\"> \u00ab\u00a0Le site BattleRapGame est en ligne !\u00a0\u00bb<\/span><\/a><\/div><\/div><\/li>\n<li><div class=\"wp-block-latest-posts__featured-image alignleft\"><img loading=\"lazy\" decoding=\"async\" width=\"150\" height=\"150\" src=\"https:\/\/www.metaconception.com\/wp-content\/uploads\/2018\/01\/preview-150x150.jpg\" class=\"attachment-thumbnail size-thumbnail wp-post-image\" alt=\"\" style=\"\" \/><\/div><a class=\"wp-block-latest-posts__post-title\" href=\"https:\/\/www.metaconception.com\/?p=348\">Communiqu\u00e9 de MetaConception<\/a><div class=\"wp-block-latest-posts__post-author\">par Metatron<\/div><time datetime=\"2021-10-30T00:47:30+02:00\" class=\"wp-block-latest-posts__post-date\">30 octobre 2021<\/time><div class=\"wp-block-latest-posts__post-excerpt\">Comme vous avez certainement p\u00fb le voir ces derniers jours, Facebook lance une entreprise laboratoire (je ne crois pas leur faire injure en utilisant ce terme) qu&rsquo;ils ont d\u00e9cid\u00e9 d&rsquo;appeller \u00ab\u00a0Meta\u00a0\u00bb. Je tiens ici \u00e0 pr\u00e9ciser que cette entreprise n&rsquo;a aucun lien direct avec MetaConception et \u00e0 pr\u00e9ciser au m\u00eame titre que \u00ab\u00a0Meta\u00a0\u00bb est &hellip; <div class=\"link-more text-center\"><a href=\"https:\/\/www.metaconception.com\/?p=348\" class=\"more-link py-2 px-4\">Read More<span class=\"screen-reader-text\"> \u00ab\u00a0Communiqu\u00e9 de MetaConception\u00a0\u00bb<\/span><\/a><\/div><\/div><\/li>\n<li><div class=\"wp-block-latest-posts__featured-image alignleft\"><img loading=\"lazy\" decoding=\"async\" width=\"150\" height=\"150\" src=\"https:\/\/www.metaconception.com\/wp-content\/uploads\/2019\/09\/article-news-150x150.jpeg\" class=\"attachment-thumbnail size-thumbnail wp-post-image\" alt=\"\" style=\"\" \/><\/div><a class=\"wp-block-latest-posts__post-title\" href=\"https:\/\/www.metaconception.com\/?p=272\">Nouveaux serveurs, Nouveau d\u00e9part<\/a><div class=\"wp-block-latest-posts__post-author\">par Metatron<\/div><time datetime=\"2019-09-05T18:34:58+02:00\" class=\"wp-block-latest-posts__post-date\">5 septembre 2019<\/time><div class=\"wp-block-latest-posts__post-excerpt\">H\u00eay, Nous somme le 5 septembre 2019, et c&rsquo;est aujourd&rsquo;hui que le site officiel de MetaConception &#8211; sur lequel vous vous trouvez &#8211; \u00e0 chang\u00e9 de serveur. Avant, nous \u00e9tions sur www.metaconception.tk ; le serveur \u00e9tait presque gratuit avec un espace de stockage suffisant mais une bande passante tr\u00e8s faible. Autrement dit, \u00e0 plus &hellip; <div class=\"link-more text-center\"><a href=\"https:\/\/www.metaconception.com\/?p=272\" class=\"more-link py-2 px-4\">Read More<span class=\"screen-reader-text\"> \u00ab\u00a0Nouveaux serveurs, Nouveau d\u00e9part\u00a0\u00bb<\/span><\/a><\/div><\/div><\/li>\n<li><div class=\"wp-block-latest-posts__featured-image alignleft\"><img loading=\"lazy\" decoding=\"async\" width=\"150\" height=\"150\" src=\"https:\/\/www.metaconception.com\/wp-content\/uploads\/2018\/01\/r6-operators-frost_237596-150x150.png\" class=\"attachment-thumbnail size-thumbnail wp-post-image\" alt=\"\" style=\"\" \/><\/div><a class=\"wp-block-latest-posts__post-title\" href=\"https:\/\/www.metaconception.com\/?p=207\">Nos domaines sont d\u00e9j\u00e0 r\u00e9serv\u00e9s&#8230; par d&rsquo;autres !<\/a><div class=\"wp-block-latest-posts__post-author\">par Metatron<\/div><time datetime=\"2018-02-07T18:18:28+01:00\" class=\"wp-block-latest-posts__post-date\">7 f\u00e9vrier 2018<\/time><div class=\"wp-block-latest-posts__post-excerpt\">Bonjour \u00e0 tous, Comme vous pouvez le voir dans la page \u00ab\u00a0concepts\u00a0\u00bb du site MetaConception, nous avons, au garage, un certain nombre de sites que nous souhaitons d\u00e9velopper dans un futur proche. Alors, aujourd&rsquo;hui, comme \u00e7a, pour voir, nous nous sommes rendus sur des domaines dont nous aurons besoin dans quelques jours\/semaines\/mois&#8230; et devinez &hellip; <div class=\"link-more text-center\"><a href=\"https:\/\/www.metaconception.com\/?p=207\" class=\"more-link py-2 px-4\">Read More<span class=\"screen-reader-text\"> \u00ab\u00a0Nos domaines sont d\u00e9j\u00e0 r\u00e9serv\u00e9s&#8230; par d&rsquo;autres !\u00a0\u00bb<\/span><\/a><\/div><\/div><\/li>\n<\/ul>","protected":false},"excerpt":{"rendered":"","protected":false},"author":1,"featured_media":0,"parent":0,"menu_order":0,"comment_status":"closed","ping_status":"closed","template":"","meta":{"footnotes":""},"class_list":["post-524","page","type-page","status-publish","hentry"],"_links":{"self":[{"href":"https:\/\/www.metaconception.com\/index.php?rest_route=\/wp\/v2\/pages\/524","targetHints":{"allow":["GET"]}}],"collection":[{"href":"https:\/\/www.metaconception.com\/index.php?rest_route=\/wp\/v2\/pages"}],"about":[{"href":"https:\/\/www.metaconception.com\/index.php?rest_route=\/wp\/v2\/types\/page"}],"author":[{"embeddable":true,"href":"https:\/\/www.metaconception.com\/index.php?rest_route=\/wp\/v2\/users\/1"}],"replies":[{"embeddable":true,"href":"https:\/\/www.metaconception.com\/index.php?rest_route=%2Fwp%2Fv2%2Fcomments&post=524"}],"version-history":[{"count":43,"href":"https:\/\/www.metaconception.com\/index.php?rest_route=\/wp\/v2\/pages\/524\/revisions"}],"predecessor-version":[{"id":772,"href":"https:\/\/www.metaconception.com\/index.php?rest_route=\/wp\/v2\/pages\/524\/revisions\/772"}],"wp:attachment":[{"href":"https:\/\/www.metaconception.com\/index.php?rest_route=%2Fwp%2Fv2%2Fmedia&parent=524"}],"curies":[{"name":"wp","href":"https:\/\/api.w.org\/{rel}","templated":true}]}}